{"id":181,"date":"2022-04-26T12:06:17","date_gmt":"2022-04-26T16:06:17","guid":{"rendered":"https:\/\/canssoc.ca\/accueil\/"},"modified":"2023-11-17T12:04:32","modified_gmt":"2023-11-17T17:04:32","slug":"accueil","status":"publish","type":"page","link":"https:\/\/canssoc.ca\/fr\/","title":{"rendered":"Accueil"},"content":{"rendered":"<p>[vc_row full_width=\u00a0\u00bbstretch_row\u00a0\u00bb css=\u00a0\u00bb.vc_custom_1651168291340{padding-top: 100px !important;padding-bottom: 100px !important;background-image: url(https:\/\/canssoc.ca\/wp-content\/uploads\/2022\/04\/canssoc-slide1-1.jpg?id=204) !important;background-position: center !important;background-repeat: no-repeat !important;background-size: cover !important;}\u00a0\u00bb el_id=\u00a0\u00bbhero\u00a0\u00bb][vc_column][vc_column_text css=\u00a0\u00bb.vc_custom_1650992390408{margin-bottom: 0px !important;}\u00a0\u00bb]<span class=\"canarie\">CANARIE<\/span> + <span class=\"canssoc\">CanSSOC<\/span>[\/vc_column_text][vc_column_text]<\/p>\n<h1>Plus fort<br \/>\nensemble<\/h1>\n<p>[\/vc_column_text][vc_btn title=\u00a0\u00bbLire le communiqu\u00e9\u00a0\u00bb style=\u00a0\u00bbcustom\u00a0\u00bb custom_background=\u00a0\u00bb#e90d0b\u00a0\u00bb custom_text=\u00a0\u00bb#ffffff\u00a0\u00bb shape=\u00a0\u00bbsquare\u00a0\u00bb size=\u00a0\u00bblg\u00a0\u00bb align=\u00a0\u00bbleft\u00a0\u00bb link=\u00a0\u00bburl:https%3A%2F%2Fwww.canarie.ca%2Fcanssoc-integration%2F|target:_blank|\u00a0\u00bb][\/vc_column][\/vc_row][vc_row full_width=\u00a0\u00bbstretch_row\u00a0\u00bb parallax=\u00a0\u00bbcontent-moving\u00a0\u00bb parallax_image=\u00a0\u00bb43&Prime; el_id=\u00a0\u00bbwhoweare\u00a0\u00bb][vc_column][vc_empty_space height=\u00a0\u00bb100&Prime;][vc_column_text]<\/p>\n<p style=\"text-align: center;\"><strong>Le Canadian Shared Security Operations Centre (CanSSOC) a \u00e9t\u00e9 cr\u00e9\u00e9 sachant qu\u2019aucune institution ne pourra r\u00e9soudre les probl\u00e8mes de cybers\u00e9curit\u00e9 si elle fait cavalier seul.<\/strong><\/p>\n<p style=\"text-align: center;\">Fond\u00e9 par six \u00e9tablissements \u2013 l\u2019Universit\u00e9 de la Colombie-Britannique, l\u2019Universit\u00e9 de l\u2019Alberta, l\u2019Universit\u00e9 de Toronto, l\u2019Universit\u00e9 McMaster, l\u2019Universit\u00e9 Ryerson et l\u2019Universit\u00e9 McGill \u2013, le CanSSOC vient en aide aux universit\u00e9s, aux coll\u00e8ges, aux \u00e9coles polytechniques et aux c\u00e9geps des quatre coins du Canada. Ses outils et son savoir-faire d\u00e9rivent des institutions participantes ainsi que des membres du R\u00e9seau national de la recherche et de l\u2019\u00e9ducation (RNRE).<\/p>\n<p>[\/vc_column_text][vc_empty_space height=\u00a0\u00bb100&Prime;][\/vc_column][\/vc_row][vc_section full_width=\u00a0\u00bbstretch_row\u00a0\u00bb el_id=\u00a0\u00bbevolution\u00a0\u00bb][vc_row full_width=\u00a0\u00bbstretch_row\u00a0\u00bb el_class=\u00a0\u00bbinside-row\u00a0\u00bb][vc_column][vc_empty_space height=\u00a0\u00bb100&Prime;][vc_custom_heading text=\u00a0\u00bb\u00c9volution des services du CanSSOC\u00a0\u00bb font_container=\u00a0\u00bbtag:h2|font_size:60|text_align:center\u00a0\u00bb use_theme_fonts=\u00a0\u00bbyes\u00a0\u00bb][vc_row_inner content_placement=\u00a0\u00bbmiddle\u00a0\u00bb el_class=\u00a0\u00bbtimeline-row1&Prime;][vc_column_inner width=\u00a0\u00bb5\/12&Prime; offset=\u00a0\u00bbvc_hidden-xs\u00a0\u00bb][vc_custom_heading text=\u00a0\u00bbD\u00e9but de la phase visant \u00e0 prouver le bien-fond\u00e9 du projet\u00a0\u00bb font_container=\u00a0\u00bbtag:h3|font_size:26|text_align:left\u00a0\u00bb use_theme_fonts=\u00a0\u00bbyes\u00a0\u00bb css_animation=\u00a0\u00bbfadeInLeft\u00a0\u00bb][\/vc_column_inner][vc_column_inner width=\u00a0\u00bb1\/6&Prime; offset=\u00a0\u00bbvc_hidden-xs\u00a0\u00bb][vc_column_text css_animation=\u00a0\u00bbfadeInDown\u00a0\u00bb]<\/p>\n<div class=\"date\" style=\"text-align: center;\"><span class=\"month\">F\u00e9v<\/span><br \/>\n<span class=\"year\">2018<\/span><\/div>\n<p>[\/vc_column_text][\/vc_column_inner][vc_column_inner width=\u00a0\u00bb5\/12&Prime; offset=\u00a0\u00bbvc_hidden-xs\u00a0\u00bb][vc_single_image image=\u00a0\u00bb47&Prime; img_size=\u00a0\u00bbfull\u00a0\u00bb alignment=\u00a0\u00bbcenter\u00a0\u00bb css_animation=\u00a0\u00bbfadeInRight\u00a0\u00bb][\/vc_column_inner][\/vc_row_inner][vc_row_inner content_placement=\u00a0\u00bbmiddle\u00a0\u00bb el_class=\u00a0\u00bbtimeline-row1&Prime;][vc_column_inner width=\u00a0\u00bb1\/6&Prime; offset=\u00a0\u00bbvc_hidden-lg vc_hidden-md vc_hidden-sm\u00a0\u00bb][vc_column_text css_animation=\u00a0\u00bbfadeInDown\u00a0\u00bb]<\/p>\n<div class=\"date\" style=\"text-align: center;\"><span class=\"month\">F\u00e9v<\/span><br \/>\n<span class=\"year\">2018<\/span><\/div>\n<p>[\/vc_column_text][\/vc_column_inner][vc_column_inner width=\u00a0\u00bb5\/12&Prime; offset=\u00a0\u00bbvc_hidden-lg vc_hidden-md vc_hidden-sm\u00a0\u00bb][vc_single_image image=\u00a0\u00bb47&Prime; img_size=\u00a0\u00bbfull\u00a0\u00bb alignment=\u00a0\u00bbcenter\u00a0\u00bb css_animation=\u00a0\u00bbfadeInLeft\u00a0\u00bb][\/vc_column_inner][vc_column_inner width=\u00a0\u00bb5\/12&Prime; offset=\u00a0\u00bbvc_hidden-lg vc_hidden-md vc_hidden-sm\u00a0\u00bb][vc_custom_heading text=\u00a0\u00bbD\u00e9but de la phase visant \u00e0 prouver le bien-fond\u00e9 du projet\u00a0\u00bb font_container=\u00a0\u00bbtag:h3|font_size:26|text_align:left\u00a0\u00bb use_theme_fonts=\u00a0\u00bbyes\u00a0\u00bb css_animation=\u00a0\u00bbfadeInRight\u00a0\u00bb][\/vc_column_inner][\/vc_row_inner][vc_row_inner content_placement=\u00a0\u00bbmiddle\u00a0\u00bb el_class=\u00a0\u00bbtimeline-row2&Prime;][vc_column_inner width=\u00a0\u00bb5\/12&Prime; offset=\u00a0\u00bbvc_hidden-xs\u00a0\u00bb][vc_single_image image=\u00a0\u00bb207&Prime; img_size=\u00a0\u00bbfull\u00a0\u00bb alignment=\u00a0\u00bbcenter\u00a0\u00bb css_animation=\u00a0\u00bbfadeInLeft\u00a0\u00bb][\/vc_column_inner][vc_column_inner width=\u00a0\u00bb1\/6&Prime; offset=\u00a0\u00bbvc_hidden-xs\u00a0\u00bb][vc_column_text css_animation=\u00a0\u00bbfadeInDown\u00a0\u00bb]<\/p>\n<div class=\"date\" style=\"text-align: center;\"><span class=\"month\">Mai<\/span><br \/>\n<span class=\"year\">2020<\/span><\/div>\n<p>[\/vc_column_text][\/vc_column_inner][vc_column_inner width=\u00a0\u00bb5\/12&Prime; offset=\u00a0\u00bbvc_hidden-xs\u00a0\u00bb][vc_custom_heading text=\u00a0\u00bbD\u00e9but de la phase pilote\u00a0\u00bb font_container=\u00a0\u00bbtag:h3|font_size:26|text_align:left\u00a0\u00bb use_theme_fonts=\u00a0\u00bbyes\u00a0\u00bb css_animation=\u00a0\u00bbfadeInRight\u00a0\u00bb][\/vc_column_inner][\/vc_row_inner][vc_row_inner content_placement=\u00a0\u00bbmiddle\u00a0\u00bb el_class=\u00a0\u00bbtimeline-row2&Prime;][vc_column_inner width=\u00a0\u00bb1\/6&Prime; offset=\u00a0\u00bbvc_hidden-lg vc_hidden-md vc_hidden-sm\u00a0\u00bb][vc_column_text css_animation=\u00a0\u00bbfadeInDown\u00a0\u00bb]<\/p>\n<div class=\"date\" style=\"text-align: center;\"><span class=\"month\">Mai<\/span><br \/>\n<span class=\"year\">2020<\/span><\/div>\n<p>[\/vc_column_text][\/vc_column_inner][vc_column_inner width=\u00a0\u00bb5\/12&Prime; offset=\u00a0\u00bbvc_hidden-lg vc_hidden-md vc_hidden-sm\u00a0\u00bb][vc_single_image image=\u00a0\u00bb91&Prime; img_size=\u00a0\u00bbfull\u00a0\u00bb alignment=\u00a0\u00bbcenter\u00a0\u00bb css_animation=\u00a0\u00bbfadeInRight\u00a0\u00bb][\/vc_column_inner][vc_column_inner width=\u00a0\u00bb5\/12&Prime; offset=\u00a0\u00bbvc_hidden-lg vc_hidden-md vc_hidden-sm\u00a0\u00bb][vc_custom_heading text=\u00a0\u00bbD\u00e9but de la phase pilote\u00a0\u00bb font_container=\u00a0\u00bbtag:h3|font_size:26|text_align:left\u00a0\u00bb use_theme_fonts=\u00a0\u00bbyes\u00a0\u00bb css_animation=\u00a0\u00bbfadeInLeft\u00a0\u00bb][\/vc_column_inner][\/vc_row_inner][vc_row_inner content_placement=\u00a0\u00bbmiddle\u00a0\u00bb el_class=\u00a0\u00bbtimeline-row2&Prime;][vc_column_inner width=\u00a0\u00bb5\/12&Prime; offset=\u00a0\u00bbvc_hidden-xs\u00a0\u00bb][vc_custom_heading text=\u00a0\u00bbLancement du premier service (Fil de menaces)\u00a0\u00bb font_container=\u00a0\u00bbtag:h3|font_size:26|text_align:left\u00a0\u00bb use_theme_fonts=\u00a0\u00bbyes\u00a0\u00bb css_animation=\u00a0\u00bbfadeInLeft\u00a0\u00bb][\/vc_column_inner][vc_column_inner width=\u00a0\u00bb1\/6&Prime; offset=\u00a0\u00bbvc_hidden-xs\u00a0\u00bb][vc_column_text css_animation=\u00a0\u00bbfadeInDown\u00a0\u00bb]<\/p>\n<div class=\"date\" style=\"text-align: center;\"><span class=\"month\">Juin<\/span><br \/>\n<span class=\"year\">2020<\/span><\/div>\n<p>[\/vc_column_text][\/vc_column_inner][vc_column_inner width=\u00a0\u00bb5\/12&Prime; offset=\u00a0\u00bbvc_hidden-xs\u00a0\u00bb][vc_single_image image=\u00a0\u00bb212&Prime; img_size=\u00a0\u00bbfull\u00a0\u00bb alignment=\u00a0\u00bbcenter\u00a0\u00bb css_animation=\u00a0\u00bbfadeInRight\u00a0\u00bb][\/vc_column_inner][\/vc_row_inner][vc_row_inner content_placement=\u00a0\u00bbmiddle\u00a0\u00bb el_class=\u00a0\u00bbtimeline-row2&Prime;][vc_column_inner width=\u00a0\u00bb1\/6&Prime; offset=\u00a0\u00bbvc_hidden-lg vc_hidden-md vc_hidden-sm\u00a0\u00bb][vc_column_text css_animation=\u00a0\u00bbfadeInDown\u00a0\u00bb]<\/p>\n<div class=\"date\" style=\"text-align: center;\"><span class=\"month\">Juin<\/span><br \/>\n<span class=\"year\">2020<\/span><\/div>\n<p>[\/vc_column_text][\/vc_column_inner][vc_column_inner width=\u00a0\u00bb5\/12&Prime; offset=\u00a0\u00bbvc_hidden-lg vc_hidden-md vc_hidden-sm\u00a0\u00bb][vc_single_image image=\u00a0\u00bb212&Prime; img_size=\u00a0\u00bbfull\u00a0\u00bb alignment=\u00a0\u00bbcenter\u00a0\u00bb css_animation=\u00a0\u00bbfadeInRight\u00a0\u00bb][\/vc_column_inner][vc_column_inner width=\u00a0\u00bb5\/12&Prime; offset=\u00a0\u00bbvc_hidden-lg vc_hidden-md vc_hidden-sm\u00a0\u00bb][vc_custom_heading text=\u00a0\u00bbLancement du premier service (Fil de menaces)\u00a0\u00bb font_container=\u00a0\u00bbtag:h3|font_size:26|text_align:left\u00a0\u00bb use_theme_fonts=\u00a0\u00bbyes\u00a0\u00bb css_animation=\u00a0\u00bbfadeInLeft\u00a0\u00bb][\/vc_column_inner][\/vc_row_inner][vc_row_inner content_placement=\u00a0\u00bbmiddle\u00a0\u00bb el_class=\u00a0\u00bbtimeline-row3&Prime;][vc_column_inner width=\u00a0\u00bb5\/12&Prime; offset=\u00a0\u00bbvc_hidden-xs\u00a0\u00bb][vc_single_image image=\u00a0\u00bb92&Prime; img_size=\u00a0\u00bbfull\u00a0\u00bb alignment=\u00a0\u00bbcenter\u00a0\u00bb css_animation=\u00a0\u00bbfadeInLeft\u00a0\u00bb][\/vc_column_inner][vc_column_inner width=\u00a0\u00bb1\/6&Prime; offset=\u00a0\u00bbvc_hidden-xs\u00a0\u00bb][vc_column_text css_animation=\u00a0\u00bbfadeInDown\u00a0\u00bb]<\/p>\n<div class=\"date\" style=\"text-align: center;\"><span class=\"month\">Mai<\/span><br \/>\n<span class=\"year\">2021<\/span><\/div>\n<p>[\/vc_column_text][\/vc_column_inner][vc_column_inner width=\u00a0\u00bb5\/12&Prime; offset=\u00a0\u00bbvc_hidden-xs\u00a0\u00bb][vc_custom_heading text=\u00a0\u00bbLe programme Initiatives en cybers\u00e9curit\u00e9 (PIC) de CANARIE finance le CanSSOC afin qu\u2019il offre gratuitement son fil de menaces aux organisations admissibles.\u00a0\u00bb font_container=\u00a0\u00bbtag:h3|font_size:26|text_align:left\u00a0\u00bb use_theme_fonts=\u00a0\u00bbyes\u00a0\u00bb][vc_separator][vc_custom_heading text=\u00a0\u00bbLe CanSSOC ratifie un protocole d\u2019entente avec ses contreparties am\u00e9ricaine, britannique et australienne en vue de mieux coordonner et d\u2019automatiser le partage de renseignements sensibles.\u00a0\u00bb font_container=\u00a0\u00bbtag:h3|font_size:26|text_align:left\u00a0\u00bb use_theme_fonts=\u00a0\u00bbyes\u00a0\u00bb][\/vc_column_inner][\/vc_row_inner][vc_row_inner content_placement=\u00a0\u00bbmiddle\u00a0\u00bb el_class=\u00a0\u00bbtimeline-row3&Prime;][vc_column_inner width=\u00a0\u00bb1\/6&Prime; offset=\u00a0\u00bbvc_hidden-lg vc_hidden-md vc_hidden-sm\u00a0\u00bb][vc_column_text css_animation=\u00a0\u00bbfadeInDown\u00a0\u00bb]<\/p>\n<div class=\"date\" style=\"text-align: center;\"><span class=\"month\">Mai<\/span><br \/>\n<span class=\"year\">2021<\/span><\/div>\n<p>[\/vc_column_text][\/vc_column_inner][vc_column_inner width=\u00a0\u00bb5\/12&Prime; offset=\u00a0\u00bbvc_hidden-lg vc_hidden-md vc_hidden-sm\u00a0\u00bb][vc_single_image image=\u00a0\u00bb92&Prime; img_size=\u00a0\u00bbfull\u00a0\u00bb alignment=\u00a0\u00bbcenter\u00a0\u00bb css_animation=\u00a0\u00bbfadeInLeft\u00a0\u00bb][\/vc_column_inner][vc_column_inner width=\u00a0\u00bb5\/12&Prime; offset=\u00a0\u00bbvc_hidden-lg vc_hidden-md vc_hidden-sm\u00a0\u00bb][vc_custom_heading text=\u00a0\u00bbLe programme Initiatives en cybers\u00e9curit\u00e9 (PIC) de CANARIE finance le CanSSOC afin qu\u2019il offre gratuitement son fil de menaces aux organisations admissibles.\u00a0\u00bb font_container=\u00a0\u00bbtag:h3|font_size:26|text_align:left\u00a0\u00bb use_theme_fonts=\u00a0\u00bbyes\u00a0\u00bb][vc_separator][vc_custom_heading text=\u00a0\u00bbLe CanSSOC ratifie un protocole d\u2019entente avec ses contreparties am\u00e9ricaine, britannique et australienne en vue de mieux coordonner et d\u2019automatiser le partage de renseignements sensibles.\u00a0\u00bb font_container=\u00a0\u00bbtag:h3|font_size:26|text_align:left\u00a0\u00bb use_theme_fonts=\u00a0\u00bbyes\u00a0\u00bb][vc_column_text css_animation=\u00a0\u00bbfadeInRight\u00a0\u00bb][\/vc_column_text][\/vc_column_inner][\/vc_row_inner][vc_row_inner content_placement=\u00a0\u00bbmiddle\u00a0\u00bb el_class=\u00a0\u00bbtimeline-row4&Prime;][vc_column_inner width=\u00a0\u00bb5\/12&Prime; offset=\u00a0\u00bbvc_hidden-xs\u00a0\u00bb][vc_custom_heading text=\u00a0\u00bbAu-del\u00e0 de 130 \u00e9tablissements d\u2019enseignement sup\u00e9rieur du pays souscrivent au Fil de menaces du CanSSOC\u00a0\u00bb font_container=\u00a0\u00bbtag:h3|font_size:26|text_align:left\u00a0\u00bb use_theme_fonts=\u00a0\u00bbyes\u00a0\u00bb css_animation=\u00a0\u00bbfadeInLeft\u00a0\u00bb][\/vc_column_inner][vc_column_inner width=\u00a0\u00bb1\/6&Prime; offset=\u00a0\u00bbvc_hidden-xs\u00a0\u00bb][vc_column_text css_animation=\u00a0\u00bbfadeInDown\u00a0\u00bb]<\/p>\n<div class=\"date\" style=\"text-align: center;\"><span class=\"month\">Nov<\/span><br \/>\n<span class=\"year\">2021<\/span><\/div>\n<p>[\/vc_column_text][\/vc_column_inner][vc_column_inner width=\u00a0\u00bb5\/12&Prime; offset=\u00a0\u00bbvc_hidden-xs\u00a0\u00bb][vc_single_image image=\u00a0\u00bb93&Prime; img_size=\u00a0\u00bbfull\u00a0\u00bb alignment=\u00a0\u00bbcenter\u00a0\u00bb css_animation=\u00a0\u00bbfadeInRight\u00a0\u00bb][\/vc_column_inner][\/vc_row_inner][vc_row_inner content_placement=\u00a0\u00bbmiddle\u00a0\u00bb el_class=\u00a0\u00bbtimeline-row4&Prime;][vc_column_inner width=\u00a0\u00bb1\/6&Prime; offset=\u00a0\u00bbvc_hidden-lg vc_hidden-md vc_hidden-sm\u00a0\u00bb][vc_column_text css_animation=\u00a0\u00bbfadeInDown\u00a0\u00bb]<\/p>\n<div class=\"date\" style=\"text-align: center;\"><span class=\"month\">Nov<\/span><br \/>\n<span class=\"year\">2021<\/span><\/div>\n<p>[\/vc_column_text][\/vc_column_inner][vc_column_inner width=\u00a0\u00bb5\/12&Prime; offset=\u00a0\u00bbvc_hidden-lg vc_hidden-md vc_hidden-sm\u00a0\u00bb][vc_single_image image=\u00a0\u00bb93&Prime; img_size=\u00a0\u00bbfull\u00a0\u00bb alignment=\u00a0\u00bbcenter\u00a0\u00bb css_animation=\u00a0\u00bbfadeInRight\u00a0\u00bb][\/vc_column_inner][vc_column_inner width=\u00a0\u00bb5\/12&Prime; offset=\u00a0\u00bbvc_hidden-lg vc_hidden-md vc_hidden-sm\u00a0\u00bb][vc_custom_heading text=\u00a0\u00bbAu-del\u00e0 de 130 \u00e9tablissements d\u2019enseignement sup\u00e9rieur du pays souscrivent au Fil de menaces du CanSSOC\u00a0\u00bb font_container=\u00a0\u00bbtag:h3|font_size:26|text_align:left\u00a0\u00bb use_theme_fonts=\u00a0\u00bbyes\u00a0\u00bb css_animation=\u00a0\u00bbfadeInLeft\u00a0\u00bb][\/vc_column_inner][\/vc_row_inner][vc_row_inner content_placement=\u00a0\u00bbmiddle\u00a0\u00bb el_class=\u00a0\u00bbtimeline-row5&Prime;][vc_column_inner width=\u00a0\u00bb5\/12&Prime; offset=\u00a0\u00bbvc_hidden-xs\u00a0\u00bb][vc_single_image image=\u00a0\u00bb94&Prime; img_size=\u00a0\u00bbfull\u00a0\u00bb alignment=\u00a0\u00bbcenter\u00a0\u00bb css_animation=\u00a0\u00bbfadeInLeft\u00a0\u00bb][\/vc_column_inner][vc_column_inner width=\u00a0\u00bb1\/6&Prime; offset=\u00a0\u00bbvc_hidden-xs\u00a0\u00bb][vc_column_text css_animation=\u00a0\u00bbfadeInUp\u00a0\u00bb]<\/p>\n<div class=\"date blue\" style=\"text-align: center;\"><span class=\"month\">Mai<\/span><br \/>\n<span class=\"year\">2022<\/span><\/div>\n<p>[\/vc_column_text][\/vc_column_inner][vc_column_inner width=\u00a0\u00bb5\/12&Prime; offset=\u00a0\u00bbvc_hidden-xs\u00a0\u00bb][vc_custom_heading text=\u00a0\u00bbL\u2019\u00e9quipe et les services du CanSSOC sont int\u00e9gr\u00e9s \u00e0 un nouveau d\u00e9partement de CANARIE.\u00a0\u00bb font_container=\u00a0\u00bbtag:h3|font_size:26|text_align:left\u00a0\u00bb use_theme_fonts=\u00a0\u00bbyes\u00a0\u00bb css_animation=\u00a0\u00bbfadeInRight\u00a0\u00bb][vc_btn title=\u00a0\u00bbCliquer ici pour lire le communiqu\u00e9\u00a0\u00bb style=\u00a0\u00bbcustom\u00a0\u00bb custom_background=\u00a0\u00bb#e90d0b\u00a0\u00bb custom_text=\u00a0\u00bb#ffffff\u00a0\u00bb shape=\u00a0\u00bbsquare\u00a0\u00bb size=\u00a0\u00bblg\u00a0\u00bb align=\u00a0\u00bbleft\u00a0\u00bb css_animation=\u00a0\u00bbfadeInRight\u00a0\u00bb link=\u00a0\u00bburl:https%3A%2F%2Fwww.canarie.ca%2Fcanssoc-integration%2F|target:_blank|\u00a0\u00bb][\/vc_column_inner][\/vc_row_inner][vc_row_inner content_placement=\u00a0\u00bbmiddle\u00a0\u00bb el_class=\u00a0\u00bbtimeline-row5&Prime;][vc_column_inner width=\u00a0\u00bb1\/6&Prime; offset=\u00a0\u00bbvc_hidden-lg vc_hidden-md vc_hidden-sm\u00a0\u00bb][vc_column_text css_animation=\u00a0\u00bbfadeInUp\u00a0\u00bb]<\/p>\n<div class=\"date blue\" style=\"text-align: center;\"><span class=\"month\">Mai<\/span><br \/>\n<span class=\"year\">2022<\/span><\/div>\n<p>[\/vc_column_text][\/vc_column_inner][vc_column_inner width=\u00a0\u00bb5\/12&Prime; offset=\u00a0\u00bbvc_hidden-lg vc_hidden-md vc_hidden-sm\u00a0\u00bb][vc_single_image image=\u00a0\u00bb94&Prime; img_size=\u00a0\u00bbfull\u00a0\u00bb alignment=\u00a0\u00bbcenter\u00a0\u00bb css_animation=\u00a0\u00bbfadeInLeft\u00a0\u00bb][\/vc_column_inner][vc_column_inner width=\u00a0\u00bb5\/12&Prime; offset=\u00a0\u00bbvc_hidden-lg vc_hidden-md vc_hidden-sm\u00a0\u00bb][vc_custom_heading text=\u00a0\u00bbL\u2019\u00e9quipe et les services du CanSSOC sont int\u00e9gr\u00e9s \u00e0 un nouveau d\u00e9partement de CANARIE.\u00a0\u00bb font_container=\u00a0\u00bbtag:h3|font_size:26|text_align:left\u00a0\u00bb use_theme_fonts=\u00a0\u00bbyes\u00a0\u00bb css_animation=\u00a0\u00bbfadeInRight\u00a0\u00bb][vc_btn title=\u00a0\u00bbCliquer ici pour lire le communiqu\u00e9\u00a0\u00bb style=\u00a0\u00bbcustom\u00a0\u00bb custom_background=\u00a0\u00bb#e90d0b\u00a0\u00bb custom_text=\u00a0\u00bb#ffffff\u00a0\u00bb shape=\u00a0\u00bbsquare\u00a0\u00bb size=\u00a0\u00bblg\u00a0\u00bb align=\u00a0\u00bbleft\u00a0\u00bb css_animation=\u00a0\u00bbfadeInRight\u00a0\u00bb link=\u00a0\u00bburl:https%3A%2F%2Fwww.canarie.ca%2F|target:_blank|\u00a0\u00bb][\/vc_column_inner][\/vc_row_inner][vc_empty_space height=\u00a0\u00bb100&Prime;][\/vc_column][\/vc_row][\/vc_section][vc_row full_width=\u00a0\u00bbstretch_row\u00a0\u00bb css=\u00a0\u00bb.vc_custom_1651001575271{background-color: #aee3ea !important;}\u00a0\u00bb el_id=\u00a0\u00bbservices\u00a0\u00bb][vc_column][vc_empty_space height=\u00a0\u00bb100&Prime;][vc_custom_heading text=\u00a0\u00bbServices du CanSSOC\u00a0\u00bb font_container=\u00a0\u00bbtag:h2|font_size:60|text_align:center\u00a0\u00bb use_theme_fonts=\u00a0\u00bbyes\u00a0\u00bb][vc_column_text]<\/p>\n<p style=\"text-align: center;\">S\u2019appuyant sur le principe directeur \u00ab On peut toujours faire mieux ensemble \u00bb, les services du CanSSOC pr\u00e9parent le terrain \u00e0 des outils, \u00e0 un bagage de connaissances et \u00e0 des efforts de sensibilisation communs entre institutions, quelles que soient les capacit\u00e9s de ces derni\u00e8res en mati\u00e8re de d\u00e9tection et de r\u00e9ponse, ou leur avancement. \u00c9labor\u00e9s en collaboration avec les partenaires du R\u00e9seau national de la recherche et de l\u2019\u00e9ducation (RNRE) ainsi que d\u2019autres membres de confiance du milieu, les services du CanSSOC lancent des alertes, prodiguent des conseils et diffusent de l\u2019information exploitable dont la fiabilit\u00e9 est av\u00e9r\u00e9e.<\/p>\n<p>[\/vc_column_text][vc_column_text]<\/p>\n<p style=\"text-align: center;\"><a class=\"learn-more\" href=\"http:\/\/canarie.ca\/canssoc\">Cliquer ici pour en apprendre<br \/>\ndavantage sur les services du CanSSOC.<\/a>[\/vc_column_text][vc_empty_space height=\u00a0\u00bb100&Prime;][\/vc_column][\/vc_row][vc_row full_width=\u00a0\u00bbstretch_row\u00a0\u00bb parallax=\u00a0\u00bbcontent-moving\u00a0\u00bb parallax_image=\u00a0\u00bb71&Prime; el_id=\u00a0\u00bbteam\u00a0\u00bb][vc_column][vc_empty_space height=\u00a0\u00bb100&Prime;][vc_custom_heading text=\u00a0\u00bbL\u2019\u00e9quipe\u00a0\u00bb font_container=\u00a0\u00bbtag:h2|font_size:60|text_align:center\u00a0\u00bb use_theme_fonts=\u00a0\u00bbyes\u00a0\u00bb][vc_row_inner][vc_column_inner][vc_column_text]<\/p>\n<h3 style=\"text-align: center;\">Contactez l&rsquo;\u00e9quipe CanSSOC \u00e0 CANARIE<\/h3>\n<p style=\"text-align: center;\"><strong><a class=\"c-link\" href=\"mailto:security@canssoc.canarie.ca\" target=\"_blank\" rel=\"noopener noreferrer\" data-stringify-link=\"mailto:security@canssoc.canarie.ca\" data-sk=\"tooltip_parent\" aria-haspopup=\"menu\">security@canssoc.canarie.ca<\/a><\/strong><\/p>\n<p>[\/vc_column_text][\/vc_column_inner][\/vc_row_inner][\/vc_column][\/vc_row]<\/p>\n","protected":false},"excerpt":{"rendered":"<p>[vc_row full_width=\u00a0\u00bbstretch_row\u00a0\u00bb css=\u00a0\u00bb.vc_custom_1651168291340{padding-top: 100px !important;padding-bottom: 100px !important;background-image: url(https:\/\/canssoc.ca\/wp-content\/uploads\/2022\/04\/canssoc-slide1-1.jpg?id=204) !important;background-position: center !important;background-repeat: no-repeat !important;background-size: cover !important;}\u00a0\u00bb el_id=\u00a0\u00bbhero\u00a0\u00bb][vc_column][vc_column_text css=\u00a0\u00bb.vc_custom_1650992390408{margin-bottom: 0px !important;}\u00a0\u00bb]CANARIE + CanSSOC[\/vc_column_text][vc_column_text] Plus fort ensemble [\/vc_column_text][vc_btn title=\u00a0\u00bbLire le communiqu\u00e9\u00a0\u00bb style=\u00a0\u00bbcustom\u00a0\u00bb custom_background=\u00a0\u00bb#e90d0b\u00a0\u00bb custom_text=\u00a0\u00bb#ffffff\u00a0\u00bb shape=\u00a0\u00bbsquare\u00a0\u00bb size=\u00a0\u00bblg\u00a0\u00bb align=\u00a0\u00bbleft\u00a0\u00bb link=\u00a0\u00bburl:https%3A%2F%2Fwww.canarie.ca%2Fcanssoc-integration%2F|target:_blank|\u00a0\u00bb][\/vc_column][\/vc_row][vc_row full_width=\u00a0\u00bbstretch_row\u00a0\u00bb parallax=\u00a0\u00bbcontent-moving\u00a0\u00bb parallax_image=\u00a0\u00bb43&Prime; el_id=\u00a0\u00bbwhoweare\u00a0\u00bb][vc_column][vc_empty_space height=\u00a0\u00bb100&Prime;][vc_column_text] Le Canadian Shared Security Operations Centre (CanSSOC) a \u00e9t\u00e9 cr\u00e9\u00e9 sachant qu\u2019aucune institution ne pourra &hellip;<\/p>\n<p class=\"read-more\"> <a class=\"\" href=\"https:\/\/canssoc.ca\/fr\/\"> <span class=\"screen-reader-text\">Accueil<\/span> Lire la suite\u00a0\u00bb<\/a><\/p>\n","protected":false},"author":1,"featured_media":0,"parent":0,"menu_order":0,"comment_status":"closed","ping_status":"open","template":"","meta":{"site-sidebar-layout":"no-sidebar","site-content-layout":"plain-container","ast-main-header-display":"","ast-hfb-above-header-display":"","ast-hfb-below-header-display":"","ast-hfb-mobile-header-display":"","site-post-title":"disabled","ast-breadcrumbs-content":"","ast-featured-img":"disabled","footer-sml-layout":"","theme-transparent-header-meta":"default","adv-header-id-meta":"","stick-header-meta":"","header-above-stick-meta":"","header-main-stick-meta":"","header-below-stick-meta":""},"_links":{"self":[{"href":"https:\/\/canssoc.ca\/fr\/wp-json\/wp\/v2\/pages\/181"}],"collection":[{"href":"https:\/\/canssoc.ca\/fr\/wp-json\/wp\/v2\/pages"}],"about":[{"href":"https:\/\/canssoc.ca\/fr\/wp-json\/wp\/v2\/types\/page"}],"author":[{"embeddable":true,"href":"https:\/\/canssoc.ca\/fr\/wp-json\/wp\/v2\/users\/1"}],"replies":[{"embeddable":true,"href":"https:\/\/canssoc.ca\/fr\/wp-json\/wp\/v2\/comments?post=181"}],"version-history":[{"count":42,"href":"https:\/\/canssoc.ca\/fr\/wp-json\/wp\/v2\/pages\/181\/revisions"}],"predecessor-version":[{"id":319,"href":"https:\/\/canssoc.ca\/fr\/wp-json\/wp\/v2\/pages\/181\/revisions\/319"}],"wp:attachment":[{"href":"https:\/\/canssoc.ca\/fr\/wp-json\/wp\/v2\/media?parent=181"}],"curies":[{"name":"wp","href":"https:\/\/api.w.org\/{rel}","templated":true}]}}